{"id":42735,"date":"2022-02-08T21:38:51","date_gmt":"2022-02-08T19:38:51","guid":{"rendered":"https:\/\/test.dearintelligence.com\/?page_id=42735"},"modified":"2022-06-11T11:41:11","modified_gmt":"2022-06-11T09:41:11","slug":"prova-valls","status":"publish","type":"page","link":"https:\/\/test.dearintelligence.com\/","title":{"rendered":"aa-Prova Valls"},"content":{"rendered":"<p>[et_pb_section fb_built=&#8221;1&#8243; _builder_version=&#8221;4.14.2&#8243; _module_preset=&#8221;default&#8221; min_height=&#8221;1386px&#8221; custom_padding=&#8221;8px|||||&#8221; global_colors_info=&#8221;{}&#8221;][et_pb_row disabled_on=&#8221;on|off|off&#8221; _builder_version=&#8221;4.14.2&#8243; _module_preset=&#8221;default&#8221; custom_margin=&#8221;-3px|auto||auto||&#8221; custom_padding=&#8221;38px||8px|||&#8221; global_colors_info=&#8221;{}&#8221;][et_pb_column type=&#8221;4_4&#8243; _builder_version=&#8221;4.14.2&#8243; _module_preset=&#8221;default&#8221; global_colors_info=&#8221;{}&#8221;][et_pb_slider _builder_version=&#8221;4.14.2&#8243; _module_preset=&#8221;default&#8221; header_font_size=&#8221;38px&#8221; background_enable_image=&#8221;off&#8221; custom_button=&#8221;on&#8221; button_text_color=&#8221;#FFFFFF&#8221; button_bg_color=&#8221;#000000&#8243; text_orientation=&#8221;left&#8221; content_width_tablet=&#8221;&#8221; content_width_phone=&#8221;&#8221; content_width_last_edited=&#8221;on|tablet&#8221; min_height=&#8221;520.4px&#8221; height=&#8221;528px&#8221; custom_margin=&#8221;||||false|false&#8221; custom_padding=&#8221;150px||91px||false|false&#8221; animation_style=&#8221;fade&#8221; auto=&#8221;on&#8221; hover_enabled=&#8221;0&#8243; global_colors_info=&#8221;{}&#8221; sticky_enabled=&#8221;0&#8243;][et_pb_slide heading=&#8221;Hotel Barcelona Go&#8221; button_text=&#8221;Visita l&#8217;obra&#8221; use_bg_overlay=&#8221;on&#8221; _builder_version=&#8221;4.14.2&#8243; _module_preset=&#8221;default&#8221; header_level=&#8221;h2&#8243; background_color=&#8221;RGBA(255,255,255,0)&#8221; background_enable_color=&#8221;on&#8221; background_image=&#8221;https:\/\/test.dearintelligence.com\/wp-content\/uploads\/2022\/03\/F1005-HOTEL-BarcelonaGO-1-scaled.jpg&#8221; background_enable_image=&#8221;on&#8221; global_colors_info=&#8221;{}&#8221; sticky_transition=&#8221;on&#8221;]<\/p>\n<h5>BARCELONA<\/h5>\n<p>[\/et_pb_slide][et_pb_slide heading=&#8221;Premi d&#8217;arquitectura d&#8217;Amer&#8221; _builder_version=&#8221;4.14.2&#8243; _module_preset=&#8221;default&#8221; background_color=&#8221;#dfe0de&#8221; background_enable_color=&#8221;on&#8221; background_layout=&#8221;light&#8221; hover_enabled=&#8221;0&#8243; global_colors_info=&#8221;{}&#8221; sticky_transition=&#8221;on&#8221; sticky_enabled=&#8221;0&#8243;]<\/p>\n<p>Your content goes here. Edit or remove this text inline or in the module Content settings. You can also style every aspect of this content in the module Design settings and even apply custom CSS to this text in the module Advanced settings.<\/p>\n<p>[\/et_pb_slide][et_pb_slide heading=&#8221;Bar Rosa de Foc&#8221; button_text=&#8221;Visita&#8217;l +&#8221; _builder_version=&#8221;4.14.2&#8243; _module_preset=&#8221;default&#8221; background_enable_color=&#8221;off&#8221; background_image=&#8221;https:\/\/test.dearintelligence.com\/wp-content\/uploads\/2022\/03\/000007-scaled.jpg&#8221; background_enable_image=&#8221;on&#8221; global_colors_info=&#8221;{}&#8221; sticky_transition=&#8221;on&#8221;]<\/p>\n<h5>EL BORN. BARCELONA<\/h5>\n<p>[\/et_pb_slide][\/et_pb_slider][\/et_pb_column][\/et_pb_row][et_pb_row column_structure=&#8221;1_4,3_4&#8243; disabled_on=&#8221;off|off|off&#8221; _builder_version=&#8221;4.14.2&#8243; _module_preset=&#8221;default&#8221; min_height=&#8221;527px&#8221; custom_margin=&#8221;18px|auto||auto||&#8221; custom_padding=&#8221;11px|||||&#8221; global_colors_info=&#8221;{}&#8221;][et_pb_column type=&#8221;1_4&#8243; _builder_version=&#8221;4.14.2&#8243; _module_preset=&#8221;default&#8221; global_colors_info=&#8221;{}&#8221;][et_pb_text _builder_version=&#8221;4.14.2&#8243; _module_preset=&#8221;default&#8221; custom_margin=&#8221;225px||10px|||&#8221; global_colors_info=&#8221;{}&#8221;]<\/p>\n<h4 style=\"text-align: right;\"><strong>Hotel BarcelonaGo<br \/><\/strong>Barcelona<\/h4>\n<p>[\/et_pb_text][et_pb_button button_text=&#8221;+INFO&#8221; button_alignment=&#8221;right&#8221; _builder_version=&#8221;4.14.2&#8243; _module_preset=&#8221;default&#8221; custom_button=&#8221;on&#8221; button_text_size=&#8221;11px&#8221; button_text_color=&#8221;#FFFFFF&#8221; button_bg_color=&#8221;#000000&#8243; button_border_radius=&#8221;0px&#8221; button_use_icon=&#8221;off&#8221; global_colors_info=&#8221;{}&#8221;][\/et_pb_button][\/et_pb_column][et_pb_column type=&#8221;3_4&#8243; _builder_version=&#8221;4.14.2&#8243; _module_preset=&#8221;default&#8221; global_colors_info=&#8221;{}&#8221;][et_pb_image src=&#8221;https:\/\/test.dearintelligence.com\/wp-content\/uploads\/2022\/03\/F1005-HOTEL-BarcelonaGO-1-scaled.jpg&#8221; title_text=&#8221;F1005 HOTEL BarcelonaGO-1&#8243; _builder_version=&#8221;4.14.2&#8243; _module_preset=&#8221;default&#8221; global_colors_info=&#8221;{}&#8221;][\/et_pb_image][\/et_pb_column][\/et_pb_row][et_pb_row disabled_on=&#8221;off|on|on&#8221; _builder_version=&#8221;4.14.2&#8243; _module_preset=&#8221;default&#8221; custom_margin=&#8221;-31px|auto||auto||&#8221; custom_padding=&#8221;11px||15px|||&#8221; global_colors_info=&#8221;{}&#8221;][et_pb_column type=&#8221;4_4&#8243; _builder_version=&#8221;4.14.2&#8243; _module_preset=&#8221;default&#8221; global_colors_info=&#8221;{}&#8221;][et_pb_slider _builder_version=&#8221;4.14.2&#8243; _module_preset=&#8221;default&#8221; custom_button=&#8221;on&#8221; button_text_color=&#8221;#FFFFFF&#8221; button_bg_color=&#8221;#000000&#8243; content_width_tablet=&#8221;&#8221; content_width_phone=&#8221;&#8221; content_width_last_edited=&#8221;on|tablet&#8221; min_height=&#8221;520.4px&#8221; height=&#8221;528px&#8221; custom_margin=&#8221;||||false|false&#8221; custom_padding=&#8221;0px||||false|false&#8221; animation_style=&#8221;fade&#8221; auto=&#8221;on&#8221; global_colors_info=&#8221;{}&#8221;][et_pb_slide heading=&#8221;Hotel BarcelonaGo&#8221; button_text=&#8221;Visita l&#8217;obra&#8221; image=&#8221;https:\/\/test.dearintelligence.com\/wp-content\/uploads\/2022\/03\/F1005-HOTEL-BarcelonaGO-1-scaled.jpg&#8221; use_bg_overlay=&#8221;on&#8221; _builder_version=&#8221;4.14.2&#8243; _module_preset=&#8221;default&#8221; header_level=&#8221;h2&#8243; background_color=&#8221;RGBA(255,255,255,0)&#8221; background_enable_color=&#8221;on&#8221; background_enable_image=&#8221;off&#8221; parallax=&#8221;on&#8221; global_colors_info=&#8221;{}&#8221; sticky_transition=&#8221;on&#8221;]<\/p>\n<h5>BARCELONA<\/h5>\n<p>[\/et_pb_slide][et_pb_slide heading=&#8221;Bar Rosa de foc&#8221; button_text=&#8221;Coneix el projecte&#8221; image=&#8221;https:\/\/test.dearintelligence.com\/wp-content\/uploads\/2022\/03\/000007-scaled.jpg&#8221; use_bg_overlay=&#8221;on&#8221; bg_overlay_color=&#8221;#000000&#8243; use_text_overlay=&#8221;off&#8221; _builder_version=&#8221;4.14.2&#8243; _module_preset=&#8221;default&#8221; header_level=&#8221;h2&#8243; background_color=&#8221;RGBA(255,255,255,0)&#8221; background_enable_color=&#8221;on&#8221; background_enable_image=&#8221;off&#8221; custom_button=&#8221;on&#8221; button_text_color=&#8221;#000000&#8243; button_bg_color=&#8221;#FFFFFF&#8221; global_colors_info=&#8221;{}&#8221; sticky_transition=&#8221;on&#8221;]<\/p>\n<h5>BARCELONA<\/h5>\n<p>[\/et_pb_slide][\/et_pb_slider][\/et_pb_column][\/et_pb_row][et_pb_row disabled_on=&#8221;off|on|on&#8221; _builder_version=&#8221;4.14.2&#8243; _module_preset=&#8221;default&#8221; custom_padding=&#8221;17px|||||&#8221; global_colors_info=&#8221;{}&#8221;][et_pb_column type=&#8221;4_4&#8243; _builder_version=&#8221;4.14.2&#8243; _module_preset=&#8221;default&#8221; global_colors_info=&#8221;{}&#8221;][et_pb_text _builder_version=&#8221;4.14.2&#8243; _module_preset=&#8221;default&#8221; global_colors_info=&#8221;{}&#8221;]<\/p>\n<p>T\u00edtol not\u00edcia<\/p>\n<p>[\/et_pb_text][et_pb_text _builder_version=&#8221;4.14.2&#8243; _module_preset=&#8221;default&#8221; global_colors_info=&#8221;{}&#8221;]<\/p>\n<p>Text not\u00edciaText not\u00edciaText not\u00edciaText not\u00edciaText not\u00edciaText not\u00edciaText not\u00edciaText not\u00edciaText not\u00edciaText not\u00edciaText not\u00edciaText not\u00edciaText not\u00edciaText not\u00edciaText not\u00edciaText not\u00edcia<\/p>\n<p>[\/et_pb_text][\/et_pb_column][\/et_pb_row][\/et_pb_section]<\/p>\n","protected":false},"excerpt":{"rendered":"<p>BARCELONAYour content goes here. Edit or remove this text inline or in the module Content settings. You can also style every aspect of this content in the module Design settings [&hellip;]<\/p>\n","protected":false},"author":1,"featured_media":0,"parent":0,"menu_order":0,"comment_status":"closed","ping_status":"closed","template":"","meta":{"_et_pb_use_builder":"on","_et_pb_old_content":"","_et_gb_content_width":"","footnotes":""},"class_list":["post-42735","page","type-page","status-publish","hentry"],"_links":{"self":[{"href":"https:\/\/test.dearintelligence.com\/index.php?rest_route=\/wp\/v2\/pages\/42735","targetHints":{"allow":["GET"]}}],"collection":[{"href":"https:\/\/test.dearintelligence.com\/index.php?rest_route=\/wp\/v2\/pages"}],"about":[{"href":"https:\/\/test.dearintelligence.com\/index.php?rest_route=\/wp\/v2\/types\/page"}],"author":[{"embeddable":true,"href":"https:\/\/test.dearintelligence.com\/index.php?rest_route=\/wp\/v2\/users\/1"}],"replies":[{"embeddable":true,"href":"https:\/\/test.dearintelligence.com\/index.php?rest_route=%2Fwp%2Fv2%2Fcomments&post=42735"}],"version-history":[{"count":35,"href":"https:\/\/test.dearintelligence.com\/index.php?rest_route=\/wp\/v2\/pages\/42735\/revisions"}],"predecessor-version":[{"id":44493,"href":"https:\/\/test.dearintelligence.com\/index.php?rest_route=\/wp\/v2\/pages\/42735\/revisions\/44493"}],"wp:attachment":[{"href":"https:\/\/test.dearintelligence.com\/index.php?rest_route=%2Fwp%2Fv2%2Fmedia&parent=42735"}],"curies":[{"name":"wp","href":"https:\/\/api.w.org\/{rel}","templated":true}]}}